{"id":102,"date":"2024-03-15T11:42:09","date_gmt":"2024-03-15T11:42:09","guid":{"rendered":"https:\/\/esc3d.com.br\/fbfs\/?page_id=102"},"modified":"2024-03-15T11:45:43","modified_gmt":"2024-03-15T11:45:43","slug":"editais","status":"publish","type":"page","link":"https:\/\/esc3d.com.br\/fbfs\/editais\/","title":{"rendered":"Editais"},"content":{"rendered":"<div class=\"fusion-fullwidth fullwidth-box fusion-builder-row-1 fusion-flex-container has-pattern-background has-mask-background nonhundred-percent-fullwidth non-hundred-percent-height-scrolling\" style=\"--awb-border-radius-top-left:0px;--awb-border-radius-top-right:0px;--awb-border-radius-bottom-right:0px;--awb-border-radius-bottom-left:0px;\" ><div class=\"fusion-builder-row fusion-row fusion-flex-align-items-flex-start\" style=\"max-width:1248px;margin-left: calc(-4% \/ 2 );margin-right: calc(-4% \/ 2 );\"><div class=\"fusion-layout-column fusion_builder_column fusion-builder-column-0 fusion_builder_column_1_1 1_1 fusion-flex-column\" style=\"--awb-bg-size:cover;--awb-width-large:100%;--awb-margin-top-large:0px;--awb-spacing-right-large:1.92%;--awb-margin-bottom-large:20px;--awb-spacing-left-large:1.92%;--awb-width-medium:100%;--awb-order-medium:0;--awb-spacing-right-medium:1.92%;--awb-spacing-left-medium:1.92%;--awb-width-small:100%;--awb-order-small:0;--awb-spacing-right-small:1.92%;--awb-spacing-left-small:1.92%;\"><div class=\"fusion-column-wrapper fusion-column-has-shadow fusion-flex-justify-content-flex-start fusion-content-layout-column\"><div class=\"fusion-title title fusion-title-1 fusion-sep-none fusion-title-text fusion-title-size-one\"><h1 class=\"title-heading-left\" style=\"margin:0;\">EDITAL DE CONVOCA\u00c7\u00c3O PARA ASSEMBLEIA GERAL DA FBFS<\/h1><\/div><\/div><\/div><div class=\"fusion-layout-column fusion_builder_column fusion-builder-column-1 fusion_builder_column_2_3 2_3 fusion-flex-column\" style=\"--awb-bg-size:cover;--awb-width-large:66.666666666667%;--awb-margin-top-large:0px;--awb-spacing-right-large:2.88%;--awb-margin-bottom-large:20px;--awb-spacing-left-large:2.88%;--awb-width-medium:66.666666666667%;--awb-order-medium:0;--awb-spacing-right-medium:2.88%;--awb-spacing-left-medium:2.88%;--awb-width-small:100%;--awb-order-small:0;--awb-spacing-right-small:1.92%;--awb-spacing-left-small:1.92%;\"><div class=\"fusion-column-wrapper fusion-column-has-shadow fusion-flex-justify-content-flex-start fusion-content-layout-column\"><div class=\"fusion-text fusion-text-1\"><p>\u00c1rea destinadas aos editais, que podem ser feitos como CATEGORIA dos posts pra ficar mais di\u00e2micos. Como no exemplo abaixo, para ficar mais autom\u00e1tico pra atualiza\u00e7\u00e3o.<\/p>\n<\/div><div class=\"fusion-separator fusion-full-width-sep\" style=\"align-self: center;margin-left: auto;margin-right: auto;margin-top:50px;margin-bottom:50px;width:100%;\"><div class=\"fusion-separator-border sep-double\" style=\"--awb-height:20px;--awb-amount:20px;border-color:var(--awb-color3);border-top-width:1px;border-bottom-width:1px;\"><\/div><\/div><div class=\"fusion-recent-posts fusion-recent-posts-1 avada-container layout-thumbnails-on-side layout-columns-1\"><section class=\"fusion-columns columns fusion-columns-1 columns-1\"><article class=\"post fusion-column column col col-lg-12 col-md-12 col-sm-12\"><div class=\"fusion-flexslider fusion-flexslider-loading flexslider floated-slideshow flexslider-hover-type-none\"><ul class=\"slides\"><li><a href=\"https:\/\/esc3d.com.br\/fbfs\/copa-bahia-de-futsal-categorias-sub13-e-sub15-etapa-sudoeste-janio-quadros-ba\/\" aria-label=\"Copa Bahia de Futsal-categorias Sub13 e Sub15. Etapa (sudoeste) J\u00e2nio Quadros-BA\" class=\"hover-type-none\"><img decoding=\"async\" width=\"200\" height=\"125\" src=\"https:\/\/esc3d.com.br\/fbfs\/wp-content\/uploads\/2023\/08\/sub13sub15-p-200x125.jpg\" class=\"attachment-fusion-200 size-fusion-200\" alt=\"\" srcset=\"https:\/\/esc3d.com.br\/fbfs\/wp-content\/uploads\/2023\/08\/sub13sub15-p-200x125.jpg 200w, https:\/\/esc3d.com.br\/fbfs\/wp-content\/uploads\/2023\/08\/sub13sub15-p-300x188.jpg 300w, https:\/\/esc3d.com.br\/fbfs\/wp-content\/uploads\/2023\/08\/sub13sub15-p-320x202.jpg 320w, https:\/\/esc3d.com.br\/fbfs\/wp-content\/uploads\/2023\/08\/sub13sub15-p-400x250.jpg 400w, https:\/\/esc3d.com.br\/fbfs\/wp-content\/uploads\/2023\/08\/sub13sub15-p-600x375.jpg 600w, https:\/\/esc3d.com.br\/fbfs\/wp-content\/uploads\/2023\/08\/sub13sub15-p-700x441.jpg 700w, https:\/\/esc3d.com.br\/fbfs\/wp-content\/uploads\/2023\/08\/sub13sub15-p-768x480.jpg 768w, https:\/\/esc3d.com.br\/fbfs\/wp-content\/uploads\/2023\/08\/sub13sub15-p.jpg 800w\" sizes=\"(max-width: 200px) 100vw, 200px\" \/><\/a><\/li><\/ul><\/div><div class=\"recent-posts-content\"><span class=\"vcard\" style=\"display: none;\"><span class=\"fn\"><a href=\"https:\/\/esc3d.com.br\/fbfs\/author\/ericksc\/\" title=\"Posts de Federa\u00e7\u00e3o Baiana de FUTSAL\" rel=\"author\">Federa\u00e7\u00e3o Baiana de FUTSAL<\/a><\/span><\/span><span class=\"updated\" style=\"display:none;\">2024-04-05T22:34:37+00:00<\/span><h4 class=\"entry-title\"><a href=\"https:\/\/esc3d.com.br\/fbfs\/copa-bahia-de-futsal-categorias-sub13-e-sub15-etapa-sudoeste-janio-quadros-ba\/\">Copa Bahia de Futsal-categorias Sub13 e Sub15. Etapa (sudoeste) J\u00e2nio Quadros-BA<\/a><\/h4><p class=\"meta\"><span class=\"vcard\" style=\"display: none;\"><span class=\"fn\"><a href=\"https:\/\/esc3d.com.br\/fbfs\/author\/ericksc\/\" title=\"Posts de Federa\u00e7\u00e3o Baiana de FUTSAL\" rel=\"author\">Federa\u00e7\u00e3o Baiana de FUTSAL<\/a><\/span><\/span><span class=\"updated\" style=\"display:none;\">2024-04-05T22:34:37+00:00<\/span><span>08\/08\/2023<\/span><span class=\"fusion-inline-sep\">|<\/span><\/p><p> Estar\u00e1 acontecendo entre os dias 1, 2 e 3 de Setembro mais um etapa da Copa Bahia de Futsal, nas categorias sub 13 e sub-15. Desta vez a cidade ser\u00e1 J\u00e2nio Quadros, cerca de [...]<\/p><\/div><\/article><\/section><\/div><\/div><\/div><div class=\"fusion-layout-column fusion_builder_column fusion-builder-column-2 fusion_builder_column_1_3 1_3 fusion-flex-column\" style=\"--awb-bg-size:cover;--awb-width-large:33.333333333333%;--awb-margin-top-large:0px;--awb-spacing-right-large:5.76%;--awb-margin-bottom-large:20px;--awb-spacing-left-large:5.76%;--awb-width-medium:33.333333333333%;--awb-order-medium:0;--awb-spacing-right-medium:5.76%;--awb-spacing-left-medium:5.76%;--awb-width-small:100%;--awb-order-small:0;--awb-spacing-right-small:1.92%;--awb-spacing-left-small:1.92%;\"><div class=\"fusion-column-wrapper fusion-column-has-shadow fusion-flex-justify-content-flex-start fusion-content-layout-column\"><div class=\"fusion-image-element \" style=\"--awb-caption-title-size:var(--h2_typography-font-size);--awb-caption-title-transform:var(--h2_typography-text-transform);--awb-caption-title-line-height:var(--h2_typography-line-height);--awb-caption-title-letter-spacing:var(--h2_typography-letter-spacing);\"><span class=\" fusion-imageframe imageframe-none imageframe-1 hover-type-none\"><img decoding=\"async\" width=\"225\" height=\"224\" title=\"FBFS LOGO\" src=\"https:\/\/esc3d.com.br\/fbfs\/wp-content\/uploads\/2024\/03\/FBFS-LOGO.png\" alt class=\"img-responsive wp-image-93\" srcset=\"https:\/\/esc3d.com.br\/fbfs\/wp-content\/uploads\/2024\/03\/FBFS-LOGO-200x199.png 200w, https:\/\/esc3d.com.br\/fbfs\/wp-content\/uploads\/2024\/03\/FBFS-LOGO.png 225w\" sizes=\"(max-width: 640px) 100vw, 225px\" \/><\/span><\/div><\/div><\/div><\/div><\/div>\n","protected":false},"excerpt":{"rendered":"","protected":false},"author":1,"featured_media":0,"parent":0,"menu_order":0,"comment_status":"closed","ping_status":"closed","template":"100-width.php","meta":{"footnotes":""},"class_list":["post-102","page","type-page","status-publish","hentry"],"_links":{"self":[{"href":"https:\/\/esc3d.com.br\/fbfs\/wp-json\/wp\/v2\/pages\/102","targetHints":{"allow":["GET"]}}],"collection":[{"href":"https:\/\/esc3d.com.br\/fbfs\/wp-json\/wp\/v2\/pages"}],"about":[{"href":"https:\/\/esc3d.com.br\/fbfs\/wp-json\/wp\/v2\/types\/page"}],"author":[{"embeddable":true,"href":"https:\/\/esc3d.com.br\/fbfs\/wp-json\/wp\/v2\/users\/1"}],"replies":[{"embeddable":true,"href":"https:\/\/esc3d.com.br\/fbfs\/wp-json\/wp\/v2\/comments?post=102"}],"version-history":[{"count":4,"href":"https:\/\/esc3d.com.br\/fbfs\/wp-json\/wp\/v2\/pages\/102\/revisions"}],"predecessor-version":[{"id":106,"href":"https:\/\/esc3d.com.br\/fbfs\/wp-json\/wp\/v2\/pages\/102\/revisions\/106"}],"wp:attachment":[{"href":"https:\/\/esc3d.com.br\/fbfs\/wp-json\/wp\/v2\/media?parent=102"}],"curies":[{"name":"wp","href":"https:\/\/api.w.org\/{rel}","templated":true}]}}