{"id":114,"date":"2024-03-15T12:09:28","date_gmt":"2024-03-15T12:09:28","guid":{"rendered":"https:\/\/esc3d.com.br\/fbfs\/?page_id=114"},"modified":"2024-04-07T10:38:18","modified_gmt":"2024-04-07T10:38:18","slug":"filiados","status":"publish","type":"page","link":"https:\/\/esc3d.com.br\/fbfs\/filiados\/","title":{"rendered":"Filiados"},"content":{"rendered":"<p><div class=\"fusion-fullwidth fullwidth-box fusion-builder-row-1 fusion-flex-container has-pattern-background has-mask-background nonhundred-percent-fullwidth non-hundred-percent-height-scrolling\" style=\"--awb-border-radius-top-left:0px;--awb-border-radius-top-right:0px;--awb-border-radius-bottom-right:0px;--awb-border-radius-bottom-left:0px;\" ><div class=\"fusion-builder-row fusion-row fusion-flex-align-items-flex-start\" style=\"max-width:1248px;margin-left: calc(-4% \/ 2 );margin-right: calc(-4% \/ 2 );\"><div class=\"fusion-layout-column fusion_builder_column fusion-builder-column-0 fusion_builder_column_1_1 1_1 fusion-flex-column\" style=\"--awb-bg-size:cover;--awb-width-large:100%;--awb-margin-top-large:0px;--awb-spacing-right-large:1.92%;--awb-margin-bottom-large:20px;--awb-spacing-left-large:1.92%;--awb-width-medium:100%;--awb-order-medium:0;--awb-spacing-right-medium:1.92%;--awb-spacing-left-medium:1.92%;--awb-width-small:100%;--awb-order-small:0;--awb-spacing-right-small:1.92%;--awb-spacing-left-small:1.92%;\"><div class=\"fusion-column-wrapper fusion-column-has-shadow fusion-flex-justify-content-flex-start fusion-content-layout-column\"><div class=\"fusion-title title fusion-title-1 fusion-sep-none fusion-title-text fusion-title-size-one\"><h1 class=\"title-heading-left\" style=\"margin:0;\">Calend\u00e1rio anual da FBFS<\/h1><\/div><\/div><\/div><div class=\"fusion-layout-column fusion_builder_column fusion-builder-column-1 fusion_builder_column_2_3 2_3 fusion-flex-column\" style=\"--awb-bg-size:cover;--awb-width-large:66.666666666667%;--awb-margin-top-large:0px;--awb-spacing-right-large:2.88%;--awb-margin-bottom-large:20px;--awb-spacing-left-large:2.88%;--awb-width-medium:66.666666666667%;--awb-order-medium:0;--awb-spacing-right-medium:2.88%;--awb-spacing-left-medium:2.88%;--awb-width-small:100%;--awb-order-small:0;--awb-spacing-right-small:1.92%;--awb-spacing-left-small:1.92%;\"><div class=\"fusion-column-wrapper fusion-column-has-shadow fusion-flex-justify-content-flex-start fusion-content-layout-column\"><div class=\"fusion-text fusion-text-1\"><p>Rela\u00e7\u00e3o das Ligas Filiadas<\/p>\n<p><strong>Rela\u00e7\u00e3o das Associa\u00e7\u00f5es Filiadas:<\/strong><\/p>\n<p>Hoje existem algumas Ligas de Futsal que s\u00e3o filiadas \u00e0 FBFS. Essas Ligas cumprem alguns requisitos legais, que est\u00e3o na lei Pel\u00e9 e nos estatutos da Federa\u00e7\u00e3o. Hoje a Bahia possui cerca de 15 ligas legalizadas espalhadas pelos interiores da Bahia. As ligas mais conhecidas s\u00e3o elas:<\/p>\n<ul>\n<li>Liga de Futsal Juazeiro;<\/li>\n<li>Liga de Futsal Feira de Santana;<\/li>\n<li>Liga de Futsal Teixeira de Freitas;<\/li>\n<li>Liga de Futsal de Jequi\u00e9;<\/li>\n<li>Liga de Futsal Itapajipe;<\/li>\n<li>Liga de Futsal de Paulo Afonso.<\/li>\n<\/ul>\n<\/div><\/div><\/div><div class=\"fusion-layout-column fusion_builder_column fusion-builder-column-2 fusion_builder_column_1_3 1_3 fusion-flex-column\" style=\"--awb-bg-size:cover;--awb-width-large:33.333333333333%;--awb-margin-top-large:0px;--awb-spacing-right-large:5.76%;--awb-margin-bottom-large:20px;--awb-spacing-left-large:5.76%;--awb-width-medium:33.333333333333%;--awb-order-medium:0;--awb-spacing-right-medium:5.76%;--awb-spacing-left-medium:5.76%;--awb-width-small:100%;--awb-order-small:0;--awb-spacing-right-small:1.92%;--awb-spacing-left-small:1.92%;\"><div class=\"fusion-column-wrapper fusion-column-has-shadow fusion-flex-justify-content-flex-start fusion-content-layout-column\"><div class=\"fusion-image-element \" style=\"--awb-caption-title-size:var(--h2_typography-font-size);--awb-caption-title-transform:var(--h2_typography-text-transform);--awb-caption-title-line-height:var(--h2_typography-line-height);--awb-caption-title-letter-spacing:var(--h2_typography-letter-spacing);\"><span class=\" fusion-imageframe imageframe-none imageframe-1 hover-type-none\"><img decoding=\"async\" width=\"225\" height=\"224\" title=\"FBFS LOGO\" src=\"https:\/\/esc3d.com.br\/fbfs\/wp-content\/uploads\/2024\/03\/FBFS-LOGO.png\" alt class=\"img-responsive wp-image-93\" srcset=\"https:\/\/esc3d.com.br\/fbfs\/wp-content\/uploads\/2024\/03\/FBFS-LOGO-200x199.png 200w, https:\/\/esc3d.com.br\/fbfs\/wp-content\/uploads\/2024\/03\/FBFS-LOGO.png 225w\" sizes=\"(max-width: 640px) 100vw, 225px\" \/><\/span><\/div><\/div><\/div><\/div><\/div><div class=\"fusion-fullwidth fullwidth-box fusion-builder-row-2 fusion-flex-container has-pattern-background has-mask-background nonhundred-percent-fullwidth non-hundred-percent-height-scrolling\" style=\"--awb-border-radius-top-left:0px;--awb-border-radius-top-right:0px;--awb-border-radius-bottom-right:0px;--awb-border-radius-bottom-left:0px;\" ><div class=\"fusion-builder-row fusion-row fusion-flex-align-items-flex-start\" style=\"max-width:1248px;margin-left: calc(-4% \/ 2 );margin-right: calc(-4% \/ 2 );\"><div class=\"fusion-layout-column fusion_builder_column fusion-builder-column-3 fusion_builder_column_1_1 1_1 fusion-flex-column\" style=\"--awb-bg-size:cover;--awb-width-large:100%;--awb-margin-top-large:0px;--awb-spacing-right-large:1.92%;--awb-margin-bottom-large:20px;--awb-spacing-left-large:1.92%;--awb-width-medium:100%;--awb-order-medium:0;--awb-spacing-right-medium:1.92%;--awb-spacing-left-medium:1.92%;--awb-width-small:100%;--awb-order-small:0;--awb-spacing-right-small:1.92%;--awb-spacing-left-small:1.92%;\"><div class=\"fusion-column-wrapper fusion-column-has-shadow fusion-flex-justify-content-flex-start fusion-content-layout-column\"><div class=\"fusion-text fusion-text-2\"><h1 style=\"text-align: center;\">ASSOCIE-SE<\/h1>\n<p style=\"text-align: center;\">Pedidos de cria\u00e7\u00e3o de clubes, ligas ou qualquer outro tipo de apoio ao Futsal da Bahia em sua regi\u00e3o favor entrar em contato por e-mail ou por telefone diretamente com a SEDE DA FBFS, enviando sua solicita\u00e7\u00e3o para o e-mail: fbfs@fbfs.com.br ou (71)-983994721. Sendo assim vamos poder prestar uma melhor assessoria aos senhores.<\/p>\n<h3 style=\"text-align: center;\">SEJA VOC\u00ca TAMB\u00c9M UM ASSOCIADO \u00c0 FEDERA\u00c7\u00c3O BAHIANA DE FUTSAL E PARTICIPE DE DIVERSAS COMPETI\u00c7\u00d5ES OFICIALIZADAS DURANTE O ANO.<\/h3>\n<\/div><\/div><\/div><\/div><\/div><\/p>\n","protected":false},"excerpt":{"rendered":"","protected":false},"author":1,"featured_media":0,"parent":0,"menu_order":0,"comment_status":"closed","ping_status":"closed","template":"100-width.php","meta":{"footnotes":""},"class_list":["post-114","page","type-page","status-publish","hentry"],"_links":{"self":[{"href":"https:\/\/esc3d.com.br\/fbfs\/wp-json\/wp\/v2\/pages\/114","targetHints":{"allow":["GET"]}}],"collection":[{"href":"https:\/\/esc3d.com.br\/fbfs\/wp-json\/wp\/v2\/pages"}],"about":[{"href":"https:\/\/esc3d.com.br\/fbfs\/wp-json\/wp\/v2\/types\/page"}],"author":[{"embeddable":true,"href":"https:\/\/esc3d.com.br\/fbfs\/wp-json\/wp\/v2\/users\/1"}],"replies":[{"embeddable":true,"href":"https:\/\/esc3d.com.br\/fbfs\/wp-json\/wp\/v2\/comments?post=114"}],"version-history":[{"count":4,"href":"https:\/\/esc3d.com.br\/fbfs\/wp-json\/wp\/v2\/pages\/114\/revisions"}],"predecessor-version":[{"id":267,"href":"https:\/\/esc3d.com.br\/fbfs\/wp-json\/wp\/v2\/pages\/114\/revisions\/267"}],"wp:attachment":[{"href":"https:\/\/esc3d.com.br\/fbfs\/wp-json\/wp\/v2\/media?parent=114"}],"curies":[{"name":"wp","href":"https:\/\/api.w.org\/{rel}","templated":true}]}}