{"id":117,"date":"2024-03-15T12:15:35","date_gmt":"2024-03-15T12:15:35","guid":{"rendered":"https:\/\/esc3d.com.br\/fbfs\/?page_id=117"},"modified":"2024-03-15T12:17:04","modified_gmt":"2024-03-15T12:17:04","slug":"o-futsal","status":"publish","type":"page","link":"https:\/\/esc3d.com.br\/fbfs\/o-futsal\/","title":{"rendered":"O FUTSAL"},"content":{"rendered":"<div class=\"fusion-fullwidth fullwidth-box fusion-builder-row-1 fusion-flex-container has-pattern-background has-mask-background nonhundred-percent-fullwidth non-hundred-percent-height-scrolling\" style=\"--awb-border-radius-top-left:0px;--awb-border-radius-top-right:0px;--awb-border-radius-bottom-right:0px;--awb-border-radius-bottom-left:0px;\" ><div class=\"fusion-builder-row fusion-row fusion-flex-align-items-flex-start\" style=\"max-width:1248px;margin-left: calc(-4% \/ 2 );margin-right: calc(-4% \/ 2 );\"><div class=\"fusion-layout-column fusion_builder_column fusion-builder-column-0 fusion_builder_column_1_1 1_1 fusion-flex-column\" style=\"--awb-bg-size:cover;--awb-width-large:100%;--awb-margin-top-large:0px;--awb-spacing-right-large:1.92%;--awb-margin-bottom-large:20px;--awb-spacing-left-large:1.92%;--awb-width-medium:100%;--awb-order-medium:0;--awb-spacing-right-medium:1.92%;--awb-spacing-left-medium:1.92%;--awb-width-small:100%;--awb-order-small:0;--awb-spacing-right-small:1.92%;--awb-spacing-left-small:1.92%;\"><div class=\"fusion-column-wrapper fusion-column-has-shadow fusion-flex-justify-content-flex-start fusion-content-layout-column\"><div class=\"fusion-title title fusion-title-1 fusion-sep-none fusion-title-text fusion-title-size-one\"><h1 class=\"title-heading-left\" style=\"margin:0;\"><b>FUTSAL &#8211; hist\u00f3ria<\/b><\/h1><\/div><\/div><\/div><div class=\"fusion-layout-column fusion_builder_column fusion-builder-column-1 fusion_builder_column_2_3 2_3 fusion-flex-column\" style=\"--awb-bg-size:cover;--awb-width-large:66.666666666667%;--awb-margin-top-large:0px;--awb-spacing-right-large:2.88%;--awb-margin-bottom-large:20px;--awb-spacing-left-large:2.88%;--awb-width-medium:66.666666666667%;--awb-order-medium:0;--awb-spacing-right-medium:2.88%;--awb-spacing-left-medium:2.88%;--awb-width-small:100%;--awb-order-small:0;--awb-spacing-right-small:1.92%;--awb-spacing-left-small:1.92%;\"><div class=\"fusion-column-wrapper fusion-column-has-shadow fusion-flex-justify-content-flex-start fusion-content-layout-column\"><div class=\"accordian fusion-accordian\" style=\"--awb-border-size:1px;--awb-icon-size:16px;--awb-content-font-size:var(--awb-typography4-font-size);--awb-icon-alignment:left;--awb-hover-color:var(--awb-color2);--awb-border-color:var(--awb-color3);--awb-background-color:var(--awb-color1);--awb-divider-color:var(--awb-color3);--awb-divider-hover-color:var(--awb-color3);--awb-icon-color:var(--awb-color1);--awb-title-color:var(--awb-color8);--awb-content-color:var(--awb-color8);--awb-icon-box-color:var(--awb-color8);--awb-toggle-hover-accent-color:var(--awb-color5);--awb-title-font-family:var(--awb-typography1-font-family);--awb-title-font-weight:var(--awb-typography1-font-weight);--awb-title-font-style:var(--awb-typography1-font-style);--awb-title-font-size:16px;--awb-title-letter-spacing:var(--awb-typography1-letter-spacing);--awb-title-line-height:var(--awb-typography1-line-height);--awb-content-font-family:var(--awb-typography4-font-family);--awb-content-font-weight:var(--awb-typography4-font-weight);--awb-content-font-style:var(--awb-typography4-font-style);\"><div class=\"panel-group fusion-toggle-icon-boxed\" id=\"accordion-117-1\"><div class=\"fusion-panel panel-default panel-e15c7fc166f8d98da fusion-toggle-has-divider\" style=\"--awb-title-color:var(--awb-color8);\"><div class=\"panel-heading\"><h4 class=\"panel-title toggle\" id=\"toggle_e15c7fc166f8d98da\"><a class=\"active\" aria-expanded=\"true\" aria-controls=\"e15c7fc166f8d98da\" role=\"button\" data-toggle=\"collapse\" data-parent=\"#accordion-117-1\" data-target=\"#e15c7fc166f8d98da\" href=\"#e15c7fc166f8d98da\"><span class=\"fusion-toggle-icon-wrapper\" aria-hidden=\"true\"><i class=\"fa-fusion-box active-icon awb-icon-minus\" aria-hidden=\"true\"><\/i><i class=\"fa-fusion-box inactive-icon awb-icon-plus\" aria-hidden=\"true\"><\/i><\/span><span class=\"fusion-toggle-heading\">HIST\u00d3RICO DO FUTSAL<\/span><\/a><\/h4><\/div><div id=\"e15c7fc166f8d98da\" class=\"panel-collapse collapse in\" araia-labelledby=\"toggle_e15c7fc166f8d98da\"><div class=\"panel-body toggle-content fusion-clearfix\">\n<p>A vers\u00e3o mais aceita para o surgimento do Futebol de Sal\u00e3o \u00e9 a de que ele come\u00e7ou a ser praticado por volta de 1940, por jovens frequentadores da Associa\u00e7\u00e3o Crist\u00e3 de Mo\u00e7os, em S\u00e3o Paulo. Enfrentando dificuldades para encontrar campos de futebol para divertimento em suas horas de lazer, estes improvisaram \u201cpeladas\u201d nas quadras de basquete e h\u00f3quei, aproveitando as traves usadas na pr\u00e1tica desse \u00faltimo esporte.<br \/>\nNo in\u00edcio as \u201cequipes\u201d variavam em n\u00famero, tendo cinco, seis e at\u00e9 sete jogadores, sendo pouco a pouco fixado o limite de cinco. As bolas eram de crina vegetal ou serragem, sofrendo sucessivas modifica\u00e7\u00f5es, inclusive com o uso de corti\u00e7a granulada. Como as bolas de ar utilizadas depois, saltavam muito e saiam frequentemente das quadras, posteriormente tiveram seu tamanho diminu\u00eddo e o peso aumentado. Da\u00ed o fato de o Futebol de Sal\u00e3o ser chamado de \u201cesporte da bola pesada\u201d.<\/p>\n<p>De repente o novo esporte come\u00e7ou a ganhar corpo, estendendo-se a outros Estados, estabelecendo-se regras elementares procurando disciplinar sua pr\u00e1tica. Dentro de pouco tempo organizavam-se times, disputando torneios abertos. Dada a facilidade para a forma\u00e7\u00e3o de equipes rapidamente ganhava adeptos sendo introduzido em quase todas as Capitais, que j\u00e1 o praticavam copiando regras uns dos outros.<\/p>\n<p>Na d\u00e9cada de 50 surgiam v\u00e1rias Federa\u00e7\u00f5es Estaduais, sendo a pioneira a Federa\u00e7\u00e3o Metropolitana de Futebol de Sal\u00e3o (atual Federa\u00e7\u00e3o de Futebol de Sal\u00e3o do Estado do Rio de Janeiro), fundada a 28 de Julho de 1954, na sede do Am\u00e9rica Futebol Clube.<\/p>\n<p>Em 1955 a Entidade carioca organizou a primeira competi\u00e7\u00e3o oficial, denominando-a \u201cTorneio de Apresenta\u00e7\u00e3o\u201d, vencido pelo Braz de Pina. Em 1955 foi realizado o primeiro campeonato na cidade do Rio de<br \/>\nJaneiro, com 42 disputantes. Em 1956, no Estado do Cear\u00e1, que mais tarde viria a ser a sede da Confedera\u00e7\u00e3o Brasileira de Futebol de Sal\u00e3o, foi o primeiro campeonato dirigido pela rec\u00e9m fundada Federa\u00e7\u00e3o Cearense de Futebol de Sal\u00e3o.<\/p>\n<p>At\u00e9 1959 havia diverg\u00eancia de regras, com Rio de Janeiro e S\u00e3o Paulo disputando a primazia do novo esporte, procurando impor seus pontos de vista. O Futebol de Sal\u00e3o ganhara, j\u00e1, tal amplitude que a ent\u00e3o Confedera\u00e7\u00e3o Brasileira de Desportos resolveu oficializar a sua pr\u00e1tica, uniformizando suas regras, aceitando<br \/>\ncomo filiadas as Federa\u00e7\u00f5es Estaduais e promovendo certames de \u00e2mbito nacionais, de clubes e sele\u00e7\u00f5es.<\/p>\n<p>Conv\u00e9m destacar que o amor e a tend\u00eancia natural do brasileiro pelo futebol transfundiram-se para o Futsal, em raz\u00e3o da valoriza\u00e7\u00e3o imobili\u00e1ria e de outros fatores s\u00f3cio-econ\u00f4micos que implicaram na quase extin\u00e7\u00e3o dos antigos campos de v\u00e1rzea. E o futebol passou, \u00e0 falta de espa\u00e7os principalmente nas \u00e1reas urbanas, a ser praticado em quadras originalmente destinadas a jogos de basquete e v\u00f4lei, da\u00ed explicar-se a \u201cfebre\u201d do Futebol de Sal\u00e3o.<\/p>\n<p>Hoje, seguramente o Futsal \u00e9 a recrea\u00e7\u00e3o e lazer desportivo da prefer\u00eancia de mais de 12 (doze) milh\u00f5es de brasileiros, tendo assim, grande relev\u00e2ncia n\u00e3o s\u00f3 na manifesta\u00e7\u00e3o esporte-performance, como tamb\u00e9m nas outras manifesta\u00e7\u00f5es (esporte-educa\u00e7\u00e3o e esporte-participa\u00e7\u00e3o) definidas na recomenda\u00e7\u00e3o n\u00ba 01\/86 do CND.<\/p>\n<p>Em pesquisa realizada pela revista \u201cPlacar\u201d de 01\/06\/84, corroborada em 1985 pelo IBGE, em seu anu\u00e1rio Estat\u00edstico, quanto aos esportes mais praticados no Brasil, especialmente nas cidades do Rio de Janeiro e de S\u00e3o Paulo, nas classes A, B e C e nas faixas de idade de 15\/19 e de 20\/24, evidenciou-se que o Futsal est\u00e1 em primeiro lugar na prefer\u00eancia nacional. E tudo isto decorre de ser o Futsal, sem d\u00favida, o \u00fanico esporte genuinamente brasileiro e que n\u00e3o imp\u00f5e o bi\u00f3tipo geralmente requerido para certas modalidades \u201cimportadas\u201d, podendo pratic\u00e1-lo o alto, o baixo, o gordo, o magro, o jovem ou o mais idoso, da\u00ed ter tomado de<br \/>\nrold\u00e3o as quadras e espa\u00e7os de recrea\u00e7\u00e3o dos col\u00e9gios, edif\u00edcios, empresas, p\u00f3los de lazer, clubes sociais e<br \/>\nesportivos, quart\u00e9is, pra\u00e7as, conjuntos habitacionais, etc.<br \/>\nAl\u00e9m deste aspecto democr\u00e1tico e participativo, conv\u00e9m assinalar que Pel\u00e9, Zico, S\u00f3crates, Casagrande, Edinho, Rivelino, Paulo C\u00e9sar, Reinaldo, Robertinho, Arturzinho, Juninho, Caio, Denilson, Leonardo, Ronaldinho dentre outros consagrados \u201castros\u201d do futebol creditam grande parte de seu sucesso ao aprendizado obtido no Futsal, onde iniciaram a vida desportiva. O jogador que vem do Futsal tem um drible f\u00e1cil e curto, aperfei\u00e7oado pelo pequeno espa\u00e7o em quadra. Aprende-se a conduzir a bola perto do corpo, aprimora o dom\u00ednio raramente errando um passe, al\u00e9m de ter um sentido de marca\u00e7\u00e3o muito desenvolvido.<\/p>\n<p>Vale salientar que hoje o futsal n\u00e3o \u00e9 apenas praticado e assistido nos gin\u00e1sios convencionais. O nosso esporte conta com tr\u00eas Mundialitos disputados em arena especialmente constru\u00edda, a c\u00e9u aberto, na praia de Copacabana, no Rio de Janeiro, por ocasi\u00e3o dos Festivais de Ver\u00e3o promovidos pelo Comit\u00ea Ol\u00edmpico Brasileiro nos anos de 1995, 1996 e 1998, sagrando-se campe\u00e3o em todos, al\u00e9m de ser amplamente divulgado nos meios de comunica\u00e7\u00e3o, inclusive com cobertura televisiva sistem\u00e1tica.<\/p>\n<\/div><\/div><\/div><div class=\"fusion-panel panel-default panel-b9411c54865cc324f fusion-toggle-has-divider\" style=\"--awb-title-color:var(--awb-color8);\"><div class=\"panel-heading\"><h4 class=\"panel-title toggle\" id=\"toggle_b9411c54865cc324f\"><a aria-expanded=\"false\" aria-controls=\"b9411c54865cc324f\" role=\"button\" data-toggle=\"collapse\" data-parent=\"#accordion-117-1\" data-target=\"#b9411c54865cc324f\" href=\"#b9411c54865cc324f\"><span class=\"fusion-toggle-icon-wrapper\" aria-hidden=\"true\"><i class=\"fa-fusion-box active-icon awb-icon-minus\" aria-hidden=\"true\"><\/i><i class=\"fa-fusion-box inactive-icon awb-icon-plus\" aria-hidden=\"true\"><\/i><\/span><span class=\"fusion-toggle-heading\">C B F S<\/span><\/a><\/h4><\/div><div id=\"b9411c54865cc324f\" class=\"panel-collapse collapse \" araia-labelledby=\"toggle_b9411c54865cc324f\"><div class=\"panel-body toggle-content fusion-clearfix\">\n<p>O surgimento da Confedera\u00e7\u00e3o Brasileira de Futebol de Sal\u00e3o (CBFS) deu-se em 1979 quando os esportes brasileiros sofreram transforma\u00e7\u00f5es radicais j\u00e1 reclamadas h\u00e1 algum tempo. A mais importante foi o desaparecimento da Confedera\u00e7\u00e3o Brasileira de Desportos, respons\u00e1vel pelo futebol e v\u00e1rias outras modalidades que n\u00e3o tinham Entidades Nacionais organizadas e dependiam das \u201cmigalhas\u201d da CBD.<\/p>\n<p>Assim, no dia 15 de Junho de 1979, no Rio de Janeiro, foi oficialmente fundada a Confedera\u00e7\u00e3o Brasileira de Futebol de Sal\u00e3o, sendo os seguintes os estados fundadores: Cear\u00e1, Rio de Janeiro, S\u00e3o Paulo, Esp\u00edrito Santo, Sergipe, Amazonas, Pernambuco, Maranh\u00e3o, Bahia, Para\u00edba, Mato Grosso, Bras\u00edlia, Acre, Minas Gerais, Rio Grande do Sul, Paran\u00e1, Santa Catarina, Rio Grande do Norte, Amap\u00e1, Alagoas e Goi\u00e1s.<\/p>\n<p>No dia 27 de agosto do mesmo ano foi eleita e empossada a primeira Diretoria da CBFS, tendo como presidente o Dr. A\u00e9cio de Borba Vasconcelos. Na ocasi\u00e3o, Fortaleza, capital do Estado do Cear\u00e1, foi escolhida oficialmente como sede da nova Entidade.<\/p>\n<p>Atualmente a entidade nacional dirigente do Futsal, conta com vinte e sete (27) Federa\u00e7\u00f5es Estaduais filiadas, congrega cerca de 2.500 clubes e associa\u00e7\u00f5es, o que perfaz um total de aproximadamente 250.000 atletas inscritos e registrados na CBFS at\u00e9 janeiro de 2001. A entidade promove anualmente competi\u00e7\u00f5es nacionais e internacionais de clubes e sele\u00e7\u00f5es, nas categorias infantil, juvenil, adulto e feminino.<\/p>\n<p>O Brasil \u2013 CBFS \u2013 venceu quase todas as competi\u00e7\u00f5es internacionais de sele\u00e7\u00f5es as quais esteve presente, ostentando no presente os t\u00edtulos: Heptacampe\u00e3o Mundial, Doze vezes Campe\u00e3o Sul-Americano, Tri- Campe\u00e3o Pan-Americano e Pentacampe\u00e3o da Ta\u00e7a Am\u00e9rica, Tri Campe\u00e3o do Mundialito n\u00e3o podendo ser esquecidos, os Bi-Campeonato Sul-Americano Juvenil e Tri-Campeonato Mundial de Clubes Adulto conquistados.<\/p>\n<\/div><\/div><\/div><div class=\"fusion-panel panel-default panel-4456b0a5193dcaec8 fusion-toggle-has-divider\" style=\"--awb-title-color:var(--awb-color8);\"><div class=\"panel-heading\"><h4 class=\"panel-title toggle\" id=\"toggle_4456b0a5193dcaec8\"><a aria-expanded=\"false\" aria-controls=\"4456b0a5193dcaec8\" role=\"button\" data-toggle=\"collapse\" data-parent=\"#accordion-117-1\" data-target=\"#4456b0a5193dcaec8\" href=\"#4456b0a5193dcaec8\"><span class=\"fusion-toggle-icon-wrapper\" aria-hidden=\"true\"><i class=\"fa-fusion-box active-icon awb-icon-minus\" aria-hidden=\"true\"><\/i><i class=\"fa-fusion-box inactive-icon awb-icon-plus\" aria-hidden=\"true\"><\/i><\/span><span class=\"fusion-toggle-heading\">INTERNACIONALIDADE<\/span><\/a><\/h4><\/div><div id=\"4456b0a5193dcaec8\" class=\"panel-collapse collapse \" araia-labelledby=\"toggle_4456b0a5193dcaec8\"><div class=\"panel-body toggle-content fusion-clearfix\">\n<p>A dimens\u00e3o internacional do futsal iniciou-se desde a cria\u00e7\u00e3o, no Brasil, da Federa\u00e7\u00e3o Internacional de Futebol de Sal\u00e3o \u2013 FIFUSA \u2013 em 1971, com sede em S\u00e3o Paulo. Seu objetivo era desenvolver e dirigir, com exclusividade, o Futebol de Sal\u00e3o Mundial.<\/p>\n<p>Hoje o futsal brasileiro j\u00e1 est\u00e1 disseminado e espalhado pelos 5 (cinco) continentes. Ademais, a humaniza\u00e7\u00e3o e agiliza\u00e7\u00e3o das regras do futsal, hoje adotadas, propiciaram sua consolida\u00e7\u00e3o, com milhares de adeptos em todos os recantos do mundo. Saliente-se, por oportuno, que os rigores e a extens\u00e3o das temporadas invernosas nos continentes europeu, asi\u00e1tico e oce\u00e2nico contribuem, grandemente para que o futsal \u00a0\u00a0constitua-se na grande op\u00e7\u00e3o desportiva dos gin\u00e1sios e quadras cobertas.<\/p>\n<p>Em 1989 a FIFA homologou a supervis\u00e3o do futsal mediante extin\u00e7\u00e3o da FIFUSA e a cria\u00e7\u00e3o de sua Comiss\u00e3o de Futsal.<\/p>\n<p>A FIFA j\u00e1 organizou seis Campeonatos Mundiais. Por ser o futsal largamente praticado em mais de cem pa\u00edses, nos cinco (5) continentes, j\u00e1 satisfaz as exig\u00eancias do Comit\u00ea internacional para ser reconhecido como esporte ol\u00edmpico. Acredita-se que falta muito pouco para que o Futsal, nascido e desenvolvido no Brasil, seja admitido nas Olimp\u00edadas.<\/p>\n<p>As potencialidades \u2013 como lazer e como desporto de rendimento \u2013 aliados ao seu n\u00edvel t\u00e9cnico de representatividade, sua import\u00e2ncia s\u00f3cio-cultural, sua difus\u00e3o interna e externa e aos in\u00fameros t\u00edtulos j\u00e1 conquistados pelo Brasil em competi\u00e7\u00f5es internacionais, imp\u00f5em um apoio incondicional e priorit\u00e1rio ao futsal,<\/p>\n<p>por ser uma modalidade desportiva de ra\u00edzes essencialmente brasileiras, que atende \u00e0s prefer\u00eancias individuais e sociais da popula\u00e7\u00e3o brasileira, e, se espraia, indomada e irreversivelmente, por todos os recantos do mundo.<\/p>\n<\/div><\/div><\/div><\/div><\/div><\/div><\/div><\/div><\/div>\n","protected":false},"excerpt":{"rendered":"","protected":false},"author":1,"featured_media":0,"parent":0,"menu_order":0,"comment_status":"closed","ping_status":"closed","template":"100-width.php","meta":{"footnotes":""},"class_list":["post-117","page","type-page","status-publish","hentry"],"_links":{"self":[{"href":"https:\/\/esc3d.com.br\/fbfs\/wp-json\/wp\/v2\/pages\/117","targetHints":{"allow":["GET"]}}],"collection":[{"href":"https:\/\/esc3d.com.br\/fbfs\/wp-json\/wp\/v2\/pages"}],"about":[{"href":"https:\/\/esc3d.com.br\/fbfs\/wp-json\/wp\/v2\/types\/page"}],"author":[{"embeddable":true,"href":"https:\/\/esc3d.com.br\/fbfs\/wp-json\/wp\/v2\/users\/1"}],"replies":[{"embeddable":true,"href":"https:\/\/esc3d.com.br\/fbfs\/wp-json\/wp\/v2\/comments?post=117"}],"version-history":[{"count":3,"href":"https:\/\/esc3d.com.br\/fbfs\/wp-json\/wp\/v2\/pages\/117\/revisions"}],"predecessor-version":[{"id":120,"href":"https:\/\/esc3d.com.br\/fbfs\/wp-json\/wp\/v2\/pages\/117\/revisions\/120"}],"wp:attachment":[{"href":"https:\/\/esc3d.com.br\/fbfs\/wp-json\/wp\/v2\/media?parent=117"}],"curies":[{"name":"wp","href":"https:\/\/api.w.org\/{rel}","templated":true}]}}