{"id":12,"date":"2024-03-15T00:43:39","date_gmt":"2024-03-15T00:43:39","guid":{"rendered":"https:\/\/esc3d.com.br\/fbfs\/?page_id=12"},"modified":"2024-04-07T10:40:51","modified_gmt":"2024-04-07T10:40:51","slug":"calendario","status":"publish","type":"page","link":"https:\/\/esc3d.com.br\/fbfs\/calendario\/","title":{"rendered":"Calend\u00e1rio"},"content":{"rendered":"<div class=\"fusion-fullwidth fullwidth-box fusion-builder-row-1 fusion-flex-container has-pattern-background has-mask-background nonhundred-percent-fullwidth non-hundred-percent-height-scrolling\" style=\"--awb-border-radius-top-left:0px;--awb-border-radius-top-right:0px;--awb-border-radius-bottom-right:0px;--awb-border-radius-bottom-left:0px;\" ><div class=\"fusion-builder-row fusion-row fusion-flex-align-items-flex-start\" style=\"max-width:1248px;margin-left: calc(-4% \/ 2 );margin-right: calc(-4% \/ 2 );\"><div class=\"fusion-layout-column fusion_builder_column fusion-builder-column-0 fusion_builder_column_1_1 1_1 fusion-flex-column\" style=\"--awb-bg-size:cover;--awb-width-large:100%;--awb-margin-top-large:0px;--awb-spacing-right-large:1.92%;--awb-margin-bottom-large:20px;--awb-spacing-left-large:1.92%;--awb-width-medium:100%;--awb-order-medium:0;--awb-spacing-right-medium:1.92%;--awb-spacing-left-medium:1.92%;--awb-width-small:100%;--awb-order-small:0;--awb-spacing-right-small:1.92%;--awb-spacing-left-small:1.92%;\"><div class=\"fusion-column-wrapper fusion-column-has-shadow fusion-flex-justify-content-flex-start fusion-content-layout-column\"><div class=\"fusion-title title fusion-title-1 fusion-sep-none fusion-title-text fusion-title-size-one\"><h1 class=\"title-heading-left\" style=\"margin:0;\">Calend\u00e1rio anual da FBFS<\/h1><\/div><\/div><\/div><div class=\"fusion-layout-column fusion_builder_column fusion-builder-column-1 fusion_builder_column_1_2 1_2 fusion-flex-column\" style=\"--awb-bg-size:cover;--awb-width-large:50%;--awb-margin-top-large:0px;--awb-spacing-right-large:3.84%;--awb-margin-bottom-large:20px;--awb-spacing-left-large:3.84%;--awb-width-medium:50%;--awb-order-medium:0;--awb-spacing-right-medium:3.84%;--awb-spacing-left-medium:3.84%;--awb-width-small:100%;--awb-order-small:0;--awb-spacing-right-small:1.92%;--awb-spacing-left-small:1.92%;\"><div class=\"fusion-column-wrapper fusion-column-has-shadow fusion-flex-justify-content-flex-start fusion-content-layout-column\"><div class=\"fusion-text fusion-text-1\"><h3>CAMPEONATOS\u00a0 E EVENTOS<\/h3>\n<p>Com o crescimento do esporte a Bahia vem se destacando no cen\u00e1rio nacional realizando competi\u00e7\u00f5es oficiais em diversas categorias como fraldinha, pr\u00e9-mirim, mirim infantil, infanto, juvenil, feminino, al\u00e9m de participar das principais competi\u00e7\u00f5es nacionais, destacando-se o titulo de Campe\u00e3o Brasileiro Feminino de Clubes, em 1994 conquistado pela equipe do Campomar\/Euroexport, vice-campe\u00e3o Brasileiro Juvenil de clubes com o C.R Itapajipe e 5\u00ba lugar na ta\u00e7a Brasil de Clubes conquistada pela equipe do E.C. Bahia em 2011.<\/p>\n<h4><\/h4>\n<h4><a href=\"https:\/\/esc3d.com.br\/fbfs\/wp-content\/uploads\/2024\/03\/Calendario-FBFS-2023-b.pdf\">Calend\u00e1rio FBFS 2023<\/a><\/h4>\n<h4><a href=\"https:\/\/esc3d.com.br\/fbfs\/wp-content\/uploads\/2024\/03\/Calendario_FBFS-2019.pdf\">Calend\u00e1rio FBFS 2019<\/a><\/h4>\n<h4><a href=\"https:\/\/esc3d.com.br\/fbfs\/wp-content\/uploads\/2024\/03\/Calendario_FBFS-2018.pdf\">Calend\u00e1rio FBFS 2018<\/a><\/h4>\n<h4><a href=\"https:\/\/esc3d.com.br\/fbfs\/wp-content\/uploads\/2024\/03\/Calendario_FBFS-2017.pdf\">Calend\u00e1rio FBFS 2017<\/a><\/h4>\n<h4><a href=\"https:\/\/esc3d.com.br\/fbfs\/wp-content\/uploads\/2024\/03\/Calendario-FBFS-2016.pdf\">Calend\u00e1rio FBFS 2016<\/a><\/h4>\n<h4><a href=\"https:\/\/esc3d.com.br\/fbfs\/wp-content\/uploads\/2024\/03\/Calendario_FBFS-2015.pdf\">Calend\u00e1rio FBFS 2015<\/a><\/h4>\n<h4><a href=\"https:\/\/esc3d.com.br\/fbfs\/wp-content\/uploads\/2024\/03\/Calendario-FBFS-2014.pdf\">Calend\u00e1rio FBFS 2014<\/a><\/h4>\n<\/div><\/div><\/div><div class=\"fusion-layout-column fusion_builder_column fusion-builder-column-2 fusion_builder_column_1_2 1_2 fusion-flex-column\" style=\"--awb-bg-size:cover;--awb-width-large:50%;--awb-margin-top-large:0px;--awb-spacing-right-large:3.84%;--awb-margin-bottom-large:20px;--awb-spacing-left-large:3.84%;--awb-width-medium:50%;--awb-order-medium:0;--awb-spacing-right-medium:3.84%;--awb-spacing-left-medium:3.84%;--awb-width-small:100%;--awb-order-small:0;--awb-spacing-right-small:1.92%;--awb-spacing-left-small:1.92%;\"><div class=\"fusion-column-wrapper fusion-column-has-shadow fusion-flex-justify-content-flex-start fusion-content-layout-column\"><div class=\"fusion-image-element \" style=\"--awb-caption-title-size:var(--h2_typography-font-size);--awb-caption-title-transform:var(--h2_typography-text-transform);--awb-caption-title-line-height:var(--h2_typography-line-height);--awb-caption-title-letter-spacing:var(--h2_typography-letter-spacing);\"><span class=\" fusion-imageframe imageframe-none imageframe-1 hover-type-none\"><img decoding=\"async\" width=\"630\" height=\"400\" title=\"FUTSAL\" src=\"https:\/\/esc3d.com.br\/fbfs\/wp-content\/uploads\/2024\/03\/FUTSAL.jpg\" alt class=\"img-responsive wp-image-42\" srcset=\"https:\/\/esc3d.com.br\/fbfs\/wp-content\/uploads\/2024\/03\/FUTSAL-200x127.jpg 200w, https:\/\/esc3d.com.br\/fbfs\/wp-content\/uploads\/2024\/03\/FUTSAL-400x254.jpg 400w, https:\/\/esc3d.com.br\/fbfs\/wp-content\/uploads\/2024\/03\/FUTSAL-600x381.jpg 600w, https:\/\/esc3d.com.br\/fbfs\/wp-content\/uploads\/2024\/03\/FUTSAL.jpg 630w\" sizes=\"(max-width: 640px) 100vw, 600px\" \/><\/span><\/div><\/div><\/div><\/div><\/div>\n","protected":false},"excerpt":{"rendered":"","protected":false},"author":1,"featured_media":0,"parent":0,"menu_order":0,"comment_status":"closed","ping_status":"closed","template":"100-width.php","meta":{"footnotes":""},"class_list":["post-12","page","type-page","status-publish","hentry"],"_links":{"self":[{"href":"https:\/\/esc3d.com.br\/fbfs\/wp-json\/wp\/v2\/pages\/12","targetHints":{"allow":["GET"]}}],"collection":[{"href":"https:\/\/esc3d.com.br\/fbfs\/wp-json\/wp\/v2\/pages"}],"about":[{"href":"https:\/\/esc3d.com.br\/fbfs\/wp-json\/wp\/v2\/types\/page"}],"author":[{"embeddable":true,"href":"https:\/\/esc3d.com.br\/fbfs\/wp-json\/wp\/v2\/users\/1"}],"replies":[{"embeddable":true,"href":"https:\/\/esc3d.com.br\/fbfs\/wp-json\/wp\/v2\/comments?post=12"}],"version-history":[{"count":3,"href":"https:\/\/esc3d.com.br\/fbfs\/wp-json\/wp\/v2\/pages\/12\/revisions"}],"predecessor-version":[{"id":268,"href":"https:\/\/esc3d.com.br\/fbfs\/wp-json\/wp\/v2\/pages\/12\/revisions\/268"}],"wp:attachment":[{"href":"https:\/\/esc3d.com.br\/fbfs\/wp-json\/wp\/v2\/media?parent=12"}],"curies":[{"name":"wp","href":"https:\/\/api.w.org\/{rel}","templated":true}]}}