{"id":121,"date":"2024-03-15T12:21:03","date_gmt":"2024-03-15T12:21:03","guid":{"rendered":"https:\/\/esc3d.com.br\/fbfs\/?page_id=121"},"modified":"2024-03-15T12:21:03","modified_gmt":"2024-03-15T12:21:03","slug":"tjd-futsal","status":"publish","type":"page","link":"https:\/\/esc3d.com.br\/fbfs\/tjd-futsal\/","title":{"rendered":"TJD FUTSAL"},"content":{"rendered":"<div class=\"fusion-fullwidth fullwidth-box fusion-builder-row-1 fusion-flex-container has-pattern-background has-mask-background nonhundred-percent-fullwidth non-hundred-percent-height-scrolling\" style=\"--awb-border-radius-top-left:0px;--awb-border-radius-top-right:0px;--awb-border-radius-bottom-right:0px;--awb-border-radius-bottom-left:0px;\" ><div class=\"fusion-builder-row fusion-row fusion-flex-align-items-flex-start\" style=\"max-width:1248px;margin-left: calc(-4% \/ 2 );margin-right: calc(-4% \/ 2 );\"><div class=\"fusion-layout-column fusion_builder_column fusion-builder-column-0 fusion_builder_column_1_1 1_1 fusion-flex-column\" style=\"--awb-bg-size:cover;--awb-width-large:100%;--awb-margin-top-large:0px;--awb-spacing-right-large:1.92%;--awb-margin-bottom-large:20px;--awb-spacing-left-large:1.92%;--awb-width-medium:100%;--awb-order-medium:0;--awb-spacing-right-medium:1.92%;--awb-spacing-left-medium:1.92%;--awb-width-small:100%;--awb-order-small:0;--awb-spacing-right-small:1.92%;--awb-spacing-left-small:1.92%;\"><div class=\"fusion-column-wrapper fusion-column-has-shadow fusion-flex-justify-content-flex-start fusion-content-layout-column\"><div class=\"fusion-title title fusion-title-1 fusion-sep-none fusion-title-text fusion-title-size-one\"><h1 class=\"title-heading-left\" style=\"margin:0;\">O Tribunal de Justi\u00e7a Desportiva (TJD)<\/h1><\/div><\/div><\/div><div class=\"fusion-layout-column fusion_builder_column fusion-builder-column-1 fusion_builder_column_2_3 2_3 fusion-flex-column\" style=\"--awb-bg-size:cover;--awb-width-large:66.666666666667%;--awb-margin-top-large:0px;--awb-spacing-right-large:2.88%;--awb-margin-bottom-large:20px;--awb-spacing-left-large:2.88%;--awb-width-medium:66.666666666667%;--awb-order-medium:0;--awb-spacing-right-medium:2.88%;--awb-spacing-left-medium:2.88%;--awb-width-small:100%;--awb-order-small:0;--awb-spacing-right-small:1.92%;--awb-spacing-left-small:1.92%;\"><div class=\"fusion-column-wrapper fusion-column-has-shadow fusion-flex-justify-content-flex-start fusion-content-layout-column\"><div class=\"fusion-text fusion-text-1\"><h3><b>HIST\u00d3RICO<\/b><\/h3>\n<p>O TJD \u2013 Tribunal de Justi\u00e7a Desportiva comp\u00f5e-se de nove membros, denominados auditores, de reconhecido saber jur\u00eddico desportivo e de reputa\u00e7\u00e3o ilibada, sendo dois indicados pela entidade regional de administra\u00e7\u00e3o do desporto; dois indicados pelas entidades de pr\u00e1tica desportiva regional de administra\u00e7\u00e3o do desporto, no nosso caso a\u00a0<strong>FBFS \u2013 Federa\u00e7\u00e3o Bahiana de Futsal<\/strong>; dois advogados indicados pela OAB \u2013 Ordem dos Advogados do Brasil, por interm\u00e9dio da se\u00e7\u00e3o correspondente \u00e0 territorialidade; um representante dos \u00e1rbitros, indicado por entidade representativa; e dois representantes dos atletas, indicados por entidade representativa.<br \/>\n.<\/p>\n<h3><b>COMISS\u00c3O DISCIPLINAR<\/b><\/h3>\n<p>Para aprecia\u00e7\u00e3o de mat\u00e9rias relativas a competi\u00e7\u00f5es regionais e municipais, funcionar\u00e3o perante cada TJD, como primeiro grau de jurisdi\u00e7\u00e3o, tantas Comiss\u00f5es Disciplinares Regionais quantas fizerem necess\u00e1rias, conforme disposto no regimento interno do TJD, composta, cada uma, por cinco auditores, de reconhecimento saber jur\u00eddico desportivo e de reputa\u00e7\u00e3o ilibada, que n\u00e3o perten\u00e7a, ao Tribunal Pleno do respectivo TJD.<\/p>\n<p>Os auditores das Comiss\u00f5es Disciplinares ser\u00e3o indicados pela maioria dos membros do Tribunal Pleno do TJD, a partir de sugest\u00f5es de nomes apresentados por qualquer auditor do Tribunal Pleno do TJD, devendo o Presidente do Tribunal Pleno do TJD preparar lista, com todos os nomes sugeridos, em ordem alfab\u00e9tica.<\/p>\n<p>Compete \u00e0s Comiss\u00f5es Disciplinares (CD) junto ao TJD, processar e julgar as infra\u00e7\u00f5es disciplinares praticadas em competi\u00e7\u00f5es por pessoas f\u00edsicas ou jur\u00eddicas, direta ou indiretamente subordinadas \u00e0s entidades regionais de administra\u00e7\u00e3o do desporto e de pr\u00e1tica desportiva, e declarar os impedimentos de seus auditores.<\/p>\n<h3><strong>PROCURADORIA<\/strong><\/h3>\n<p>A Procuradoria\u00a0 da\u00a0 Justi\u00e7a Desportiva \u00e9 exercida, no m\u00ednimo, por dois procuradores, nomeados pelo respectivo \u00f3rg\u00e3o judicante (TJD), com mandato id\u00eantico ao estabelecido para os auditores, aos quais compete:<\/p>\n<p><b>I \u2013<\/b>\u00a0oferecer den\u00fancia, nos casos previstos em lei;<\/p>\n<p><b>II \u2013<\/b>\u00a0dar parecer nos processos de compet\u00eancia do \u00f3rg\u00e3o judicante ao qual esteja vinculado;<\/p>\n<p><b>III \u2013<\/b>\u00a0exercer as atribui\u00e7\u00f5es que lhes forem conferidas pela legisla\u00e7\u00e3o desportiva;<\/p>\n<p><b>IV \u2013<\/b>\u00a0interpor os recursos previstos em lei.<\/p>\n<p>.<\/p>\n<h3><b>TJD DO FUTSAL NA BAHIA<\/b><\/h3>\n<p>O TJD do Futsal na Bahia, composto dos seus nove membros, com mandatos at\u00e9 Mar\u00e7o\/2017, \u00e9 composto da seguinte forma:<\/p>\n<p><b>\u2013 Pela OAB<\/b><\/p>\n<p>Dr. Andr\u00e9 Thadeu Bahia<\/p>\n<p>Dr. Paulo Moreno Carvalho<\/p>\n<p><b>\u2013 Pela FBFS<\/b><\/p>\n<p>Dr. Jos\u00e9 Gomes dos Santos<br \/>\n<b>Presidente<\/b><\/p>\n<p>Dr. Eronildes dos Santos<\/p>\n<p><b>\u2013 Pelos \u00c1rbitros<\/b><\/p>\n<p>Prof. Og Robson<\/p>\n<p><b>\u2013 Pelos Atletas<\/b><\/p>\n<p>Dr. Nelson Alves Cortes Filho<\/p>\n<p>Dr. Abelardo Oliveira Filho<\/p>\n<p><b>\u2013 Pelos Clubes<\/b><\/p>\n<p>Prof. Juracy Cunha Rocha<\/p>\n<p>Prof. Alo\u00edsio Flores Medrado<\/p>\n<p><b>\u2013 Procuradores<\/b><\/p>\n<p>Dr. Ubaldino de Souza Pinto<\/p>\n<p>Dr. Rosemberg de Souza Pinto<\/p>\n<p>.<\/p>\n<p><b>COMISS\u00c3O DISCIPLINAR<\/b><\/p>\n<p>A Comiss\u00e3o Disciplina do TJD do Futsal na Bahia, composta dos seus cinco membros, com mandatos, tamb\u00e9m, at\u00e9 Mar\u00e7o\/2017, \u00e9 composta da seguinte forma:<\/p>\n<p>Dr. Luiz Frederico Cidreira \u00a0\u00a0\u00a0\u00a0\u00a0\u00a0\u00a0\u00a0\u00a0\u00a0\u00a0\u00a0\u00a0\u00a0\u00a0<b>Presidente<\/b><\/p>\n<p>Prof. Jos\u00e9 F\u00e9lix Pinto de Abreu \u00a0\u00a0\u00a0\u00a0\u00a0\u00a0\u00a0<b>Vice Presidente<\/b><\/p>\n<p>Dr. Ant\u00f4nio Jo\u00e3o Gusm\u00e3o Cunha<\/p>\n<p>Prof. Roberto Jos\u00e9 Fernandes<\/p>\n<p>Prof. Gervaleno da Silva Menezes<\/p>\n<\/div><\/div><\/div><div class=\"fusion-layout-column fusion_builder_column fusion-builder-column-2 fusion_builder_column_1_3 1_3 fusion-flex-column\" style=\"--awb-bg-size:cover;--awb-width-large:33.333333333333%;--awb-margin-top-large:0px;--awb-spacing-right-large:5.76%;--awb-margin-bottom-large:20px;--awb-spacing-left-large:5.76%;--awb-width-medium:33.333333333333%;--awb-order-medium:0;--awb-spacing-right-medium:5.76%;--awb-spacing-left-medium:5.76%;--awb-width-small:100%;--awb-order-small:0;--awb-spacing-right-small:1.92%;--awb-spacing-left-small:1.92%;\"><div class=\"fusion-column-wrapper fusion-column-has-shadow fusion-flex-justify-content-flex-start fusion-content-layout-column\"><div class=\"fusion-image-element \" style=\"--awb-caption-title-size:var(--h2_typography-font-size);--awb-caption-title-transform:var(--h2_typography-text-transform);--awb-caption-title-line-height:var(--h2_typography-line-height);--awb-caption-title-letter-spacing:var(--h2_typography-letter-spacing);\"><span class=\" fusion-imageframe imageframe-none imageframe-1 hover-type-none\"><img decoding=\"async\" width=\"225\" height=\"224\" title=\"FBFS LOGO\" src=\"https:\/\/esc3d.com.br\/fbfs\/wp-content\/uploads\/2024\/03\/FBFS-LOGO.png\" alt class=\"img-responsive wp-image-93\" srcset=\"https:\/\/esc3d.com.br\/fbfs\/wp-content\/uploads\/2024\/03\/FBFS-LOGO-200x199.png 200w, https:\/\/esc3d.com.br\/fbfs\/wp-content\/uploads\/2024\/03\/FBFS-LOGO.png 225w\" sizes=\"(max-width: 640px) 100vw, 225px\" \/><\/span><\/div><\/div><\/div><\/div><\/div>\n","protected":false},"excerpt":{"rendered":"","protected":false},"author":1,"featured_media":0,"parent":0,"menu_order":0,"comment_status":"closed","ping_status":"closed","template":"100-width.php","meta":{"footnotes":""},"class_list":["post-121","page","type-page","status-publish","hentry"],"_links":{"self":[{"href":"https:\/\/esc3d.com.br\/fbfs\/wp-json\/wp\/v2\/pages\/121","targetHints":{"allow":["GET"]}}],"collection":[{"href":"https:\/\/esc3d.com.br\/fbfs\/wp-json\/wp\/v2\/pages"}],"about":[{"href":"https:\/\/esc3d.com.br\/fbfs\/wp-json\/wp\/v2\/types\/page"}],"author":[{"embeddable":true,"href":"https:\/\/esc3d.com.br\/fbfs\/wp-json\/wp\/v2\/users\/1"}],"replies":[{"embeddable":true,"href":"https:\/\/esc3d.com.br\/fbfs\/wp-json\/wp\/v2\/comments?post=121"}],"version-history":[{"count":1,"href":"https:\/\/esc3d.com.br\/fbfs\/wp-json\/wp\/v2\/pages\/121\/revisions"}],"predecessor-version":[{"id":122,"href":"https:\/\/esc3d.com.br\/fbfs\/wp-json\/wp\/v2\/pages\/121\/revisions\/122"}],"wp:attachment":[{"href":"https:\/\/esc3d.com.br\/fbfs\/wp-json\/wp\/v2\/media?parent=121"}],"curies":[{"name":"wp","href":"https:\/\/api.w.org\/{rel}","templated":true}]}}