{"id":92,"date":"2024-03-15T11:24:42","date_gmt":"2024-03-15T11:24:42","guid":{"rendered":"https:\/\/esc3d.com.br\/fbfs\/?page_id=92"},"modified":"2024-03-15T11:24:42","modified_gmt":"2024-03-15T11:24:42","slug":"formularios","status":"publish","type":"page","link":"https:\/\/esc3d.com.br\/fbfs\/formularios\/","title":{"rendered":"Formul\u00e1rios"},"content":{"rendered":"<div class=\"fusion-fullwidth fullwidth-box fusion-builder-row-1 fusion-flex-container has-pattern-background has-mask-background nonhundred-percent-fullwidth non-hundred-percent-height-scrolling\" style=\"--awb-border-radius-top-left:0px;--awb-border-radius-top-right:0px;--awb-border-radius-bottom-right:0px;--awb-border-radius-bottom-left:0px;\" ><div class=\"fusion-builder-row fusion-row fusion-flex-align-items-flex-start\" style=\"max-width:1248px;margin-left: calc(-4% \/ 2 );margin-right: calc(-4% \/ 2 );\"><div class=\"fusion-layout-column fusion_builder_column fusion-builder-column-0 fusion_builder_column_1_1 1_1 fusion-flex-column\" style=\"--awb-bg-size:cover;--awb-width-large:100%;--awb-margin-top-large:0px;--awb-spacing-right-large:1.92%;--awb-margin-bottom-large:20px;--awb-spacing-left-large:1.92%;--awb-width-medium:100%;--awb-order-medium:0;--awb-spacing-right-medium:1.92%;--awb-spacing-left-medium:1.92%;--awb-width-small:100%;--awb-order-small:0;--awb-spacing-right-small:1.92%;--awb-spacing-left-small:1.92%;\"><div class=\"fusion-column-wrapper fusion-column-has-shadow fusion-flex-justify-content-flex-start fusion-content-layout-column\"><div class=\"fusion-title title fusion-title-1 fusion-sep-none fusion-title-text fusion-title-size-one\"><h1 class=\"title-heading-left\" style=\"margin:0;\"><b>Clique nos links abaixo para downloads:<\/b><\/h1><\/div><\/div><\/div><div class=\"fusion-layout-column fusion_builder_column fusion-builder-column-1 fusion_builder_column_2_3 2_3 fusion-flex-column\" style=\"--awb-bg-size:cover;--awb-width-large:66.666666666667%;--awb-margin-top-large:0px;--awb-spacing-right-large:2.88%;--awb-margin-bottom-large:20px;--awb-spacing-left-large:2.88%;--awb-width-medium:66.666666666667%;--awb-order-medium:0;--awb-spacing-right-medium:2.88%;--awb-spacing-left-medium:2.88%;--awb-width-small:100%;--awb-order-small:0;--awb-spacing-right-small:1.92%;--awb-spacing-left-small:1.92%;\"><div class=\"fusion-column-wrapper fusion-column-has-shadow fusion-flex-justify-content-flex-start fusion-content-layout-column\"><div class=\"fusion-text fusion-text-1\"><h2>INSCRI\u00c7\u00d5ES<\/h2>\n<h4><a href=\"https:\/\/esc3d.com.br\/fbfs\/wp-content\/uploads\/2024\/03\/Ficha_de_Inscricao_Nova_de_Atleta_FBFS.doc\">Formul\u00e1rio de Inscri\u00e7\u00e3o de Atleta FBFS<\/a><\/h4>\n<h4><a href=\"https:\/\/esc3d.com.br\/fbfs\/wp-content\/uploads\/2024\/03\/Ficha_de_Inscricao_Nova_de_Atleta_CBFS.docx\">Formul\u00e1rio de Inscri\u00e7\u00e3o de Atleta CBFS<\/a><\/h4>\n<h4><a href=\"https:\/\/esc3d.com.br\/fbfs\/wp-content\/uploads\/2024\/03\/Ficha_de_Cadastro_de_Clube.doc\">Formul\u00e1rio de Cadastro de Clube<\/a><\/h4>\n<h4><a href=\"https:\/\/esc3d.com.br\/fbfs\/wp-content\/uploads\/2024\/03\/Formulario_Inscricao_Comissao_Tecnica.xls\">Formul\u00e1rio Inscri\u00e7\u00e3o Comiss\u00e3o T\u00e9cnica<\/a><\/h4>\n<h4><a href=\"https:\/\/esc3d.com.br\/fbfs\/wp-content\/uploads\/2024\/03\/Formulario_de_Pedido_de_Revalidacao_de_Atleta.docx\">Formul\u00e1rio de Pedido de Revalida\u00e7\u00e3o de Atleta<\/a><\/h4>\n<h4><a href=\"https:\/\/esc3d.com.br\/fbfs\/wp-content\/uploads\/2024\/03\/Formulario_de_Autorizacao_de_Menor.doc\"> Formul\u00e1rio de Autoriza\u00e7\u00e3o de Menor<\/a><\/h4>\n<h2>TRANSFER\u00caNCIA<\/h2>\n<h4><a href=\"https:\/\/esc3d.com.br\/fbfs\/wp-content\/uploads\/2024\/03\/Formulario_de_Pedido_de_Transferencia_Internacional_de_Atleta.docx\">Formul\u00e1rio de Pedido de Transfer\u00eancia Internacional de Atleta<\/a><\/h4>\n<h4><a href=\"https:\/\/esc3d.com.br\/fbfs\/wp-content\/uploads\/2024\/03\/Formulario_de_Pedido_de_Transferencia_Interestadual_de_Atleta.docx\">Formul\u00e1rio de Pedido de Transfer\u00eancia Interestadual de Atleta<\/a><\/h4>\n<h4><a href=\"https:\/\/esc3d.com.br\/fbfs\/wp-content\/uploads\/2024\/03\/Formulario_de_Pedido_de_Transferencia_Estadual_de_Atleta.docx\">Formul\u00e1rio de Pedido de Transfer\u00eancia Estadual de Atleta<\/a><\/h4>\n<\/div><\/div><\/div><div class=\"fusion-layout-column fusion_builder_column fusion-builder-column-2 fusion_builder_column_1_3 1_3 fusion-flex-column\" style=\"--awb-bg-size:cover;--awb-width-large:33.333333333333%;--awb-margin-top-large:0px;--awb-spacing-right-large:5.76%;--awb-margin-bottom-large:20px;--awb-spacing-left-large:5.76%;--awb-width-medium:33.333333333333%;--awb-order-medium:0;--awb-spacing-right-medium:5.76%;--awb-spacing-left-medium:5.76%;--awb-width-small:100%;--awb-order-small:0;--awb-spacing-right-small:1.92%;--awb-spacing-left-small:1.92%;\"><div class=\"fusion-column-wrapper fusion-column-has-shadow fusion-flex-justify-content-flex-start fusion-content-layout-column\"><div class=\"fusion-image-element \" style=\"--awb-caption-title-size:var(--h2_typography-font-size);--awb-caption-title-transform:var(--h2_typography-text-transform);--awb-caption-title-line-height:var(--h2_typography-line-height);--awb-caption-title-letter-spacing:var(--h2_typography-letter-spacing);\"><span class=\" fusion-imageframe imageframe-none imageframe-1 hover-type-none\"><img decoding=\"async\" width=\"225\" height=\"224\" title=\"FBFS LOGO\" src=\"https:\/\/esc3d.com.br\/fbfs\/wp-content\/uploads\/2024\/03\/FBFS-LOGO.png\" alt class=\"img-responsive wp-image-93\" srcset=\"https:\/\/esc3d.com.br\/fbfs\/wp-content\/uploads\/2024\/03\/FBFS-LOGO-200x199.png 200w, https:\/\/esc3d.com.br\/fbfs\/wp-content\/uploads\/2024\/03\/FBFS-LOGO.png 225w\" sizes=\"(max-width: 640px) 100vw, 225px\" \/><\/span><\/div><\/div><\/div><\/div><\/div>\n","protected":false},"excerpt":{"rendered":"","protected":false},"author":1,"featured_media":0,"parent":0,"menu_order":0,"comment_status":"closed","ping_status":"closed","template":"100-width.php","meta":{"footnotes":""},"class_list":["post-92","page","type-page","status-publish","hentry"],"_links":{"self":[{"href":"https:\/\/esc3d.com.br\/fbfs\/wp-json\/wp\/v2\/pages\/92","targetHints":{"allow":["GET"]}}],"collection":[{"href":"https:\/\/esc3d.com.br\/fbfs\/wp-json\/wp\/v2\/pages"}],"about":[{"href":"https:\/\/esc3d.com.br\/fbfs\/wp-json\/wp\/v2\/types\/page"}],"author":[{"embeddable":true,"href":"https:\/\/esc3d.com.br\/fbfs\/wp-json\/wp\/v2\/users\/1"}],"replies":[{"embeddable":true,"href":"https:\/\/esc3d.com.br\/fbfs\/wp-json\/wp\/v2\/comments?post=92"}],"version-history":[{"count":1,"href":"https:\/\/esc3d.com.br\/fbfs\/wp-json\/wp\/v2\/pages\/92\/revisions"}],"predecessor-version":[{"id":94,"href":"https:\/\/esc3d.com.br\/fbfs\/wp-json\/wp\/v2\/pages\/92\/revisions\/94"}],"wp:attachment":[{"href":"https:\/\/esc3d.com.br\/fbfs\/wp-json\/wp\/v2\/media?parent=92"}],"curies":[{"name":"wp","href":"https:\/\/api.w.org\/{rel}","templated":true}]}}